{"id":89,"date":"2023-01-23T09:32:50","date_gmt":"2023-01-23T09:32:50","guid":{"rendered":"https:\/\/terra-viva.es\/?page_id=89"},"modified":"2023-11-02T06:11:08","modified_gmt":"2023-11-02T06:11:08","slug":"terra-viva","status":"publish","type":"page","link":"https:\/\/terra-viva.es\/","title":{"rendered":"Terra Viva"},"content":{"rendered":"\t\t<div data-elementor-type=\"wp-page\" data-elementor-id=\"89\" class=\"elementor elementor-89\">\n\t\t\t\t\t\t<section class=\"elementor-section elementor-top-section elementor-element elementor-element-2010b71 elementor-section-boxed elementor-section-height-default elementor-section-height-default\" data-id=\"2010b71\" data-element_type=\"section\">\n\t\t\t\t\t\t<div class=\"elementor-container elementor-column-gap-default\">\n\t\t\t\t\t<div class=\"elementor-column elementor-col-100 elementor-top-column elementor-element elementor-element-749b6e3\" data-id=\"749b6e3\" data-element_type=\"column\">\n\t\t\t<div class=\"elementor-widget-wrap elementor-element-populated\">\n\t\t\t\t\t\t<div class=\"elementor-element elementor-element-f5847c0 elementor-widget elementor-widget-heading\" data-id=\"f5847c0\" data-element_type=\"widget\" data-widget_type=\"heading.default\">\n\t\t\t\t<div class=\"elementor-widget-container\">\n\t\t\t\t\t<h2 class=\"elementor-heading-title elementor-size-default\">Servicios<\/h2>\t\t\t\t<\/div>\n\t\t\t\t<\/div>\n\t\t\t\t\t<\/div>\n\t\t<\/div>\n\t\t\t\t\t<\/div>\n\t\t<\/section>\n\t\t\t\t<section class=\"elementor-section elementor-top-section elementor-element elementor-element-e4d2fe6 elementor-section-boxed elementor-section-height-default elementor-section-height-default\" data-id=\"e4d2fe6\" data-element_type=\"section\">\n\t\t\t\t\t\t<div class=\"elementor-container elementor-column-gap-default\">\n\t\t\t\t\t<div class=\"elementor-column elementor-col-33 elementor-top-column elementor-element elementor-element-affb1ac\" data-id=\"affb1ac\" data-element_type=\"column\">\n\t\t\t<div class=\"elementor-widget-wrap elementor-element-populated\">\n\t\t\t\t\t\t<div class=\"elementor-element elementor-element-a53773c elementor-view-default elementor-position-top elementor-mobile-position-top elementor-widget elementor-widget-icon-box\" data-id=\"a53773c\" data-element_type=\"widget\" data-widget_type=\"icon-box.default\">\n\t\t\t\t<div class=\"elementor-widget-container\">\n\t\t\t\t\t\t\t<div class=\"elementor-icon-box-wrapper\">\n\n\t\t\t\t\t\t<div class=\"elementor-icon-box-icon\">\n\t\t\t\t<span  class=\"elementor-icon\">\n\t\t\t\t<i aria-hidden=\"true\" class=\"fas fa-microscope\"><\/i>\t\t\t\t<\/span>\n\t\t\t<\/div>\n\t\t\t\n\t\t\t\t\t\t<div class=\"elementor-icon-box-content\">\n\n\t\t\t\t\t\t\t\t\t<h3 class=\"elementor-icon-box-title\">\n\t\t\t\t\t\t<span  >\n\t\t\t\t\t\t\tAn\u00e1lisis de microscopio\t\t\t\t\t\t<\/span>\n\t\t\t\t\t<\/h3>\n\t\t\t\t\n\t\t\t\t\t\t\t\t\t<p class=\"elementor-icon-box-description\">\n\t\t\t\t\t\tEvaluaci\u00f3n del estado de tu suelo, vermicompost o compost. Descubre qui\u00e9n est\u00e1 y qui\u00e9n falta.\t\t\t\t\t<\/p>\n\t\t\t\t\n\t\t\t<\/div>\n\t\t\t\n\t\t<\/div>\n\t\t\t\t\t\t<\/div>\n\t\t\t\t<\/div>\n\t\t\t\t\t<\/div>\n\t\t<\/div>\n\t\t\t\t<div class=\"elementor-column elementor-col-33 elementor-top-column elementor-element elementor-element-d33a940\" data-id=\"d33a940\" data-element_type=\"column\">\n\t\t\t<div class=\"elementor-widget-wrap elementor-element-populated\">\n\t\t\t\t\t\t<div class=\"elementor-element elementor-element-fee3eb6 elementor-view-default elementor-position-top elementor-mobile-position-top elementor-widget elementor-widget-icon-box\" data-id=\"fee3eb6\" data-element_type=\"widget\" data-widget_type=\"icon-box.default\">\n\t\t\t\t<div class=\"elementor-widget-container\">\n\t\t\t\t\t\t\t<div class=\"elementor-icon-box-wrapper\">\n\n\t\t\t\t\t\t<div class=\"elementor-icon-box-icon\">\n\t\t\t\t<span  class=\"elementor-icon\">\n\t\t\t\t<i aria-hidden=\"true\" class=\"far fa-clipboard\"><\/i>\t\t\t\t<\/span>\n\t\t\t<\/div>\n\t\t\t\n\t\t\t\t\t\t<div class=\"elementor-icon-box-content\">\n\n\t\t\t\t\t\t\t\t\t<h3 class=\"elementor-icon-box-title\">\n\t\t\t\t\t\t<span  >\n\t\t\t\t\t\t\tConsultor\u00eda\t\t\t\t\t\t<\/span>\n\t\t\t\t\t<\/h3>\n\t\t\t\t\n\t\t\t\t\t\t\t\t\t<p class=\"elementor-icon-box-description\">\n\t\t\t\t\t\t\u00bfY ahora qu\u00e9? La estrategia de c\u00f3mo crear el sistema ideal para que nuestras plantas puedan desarrollar su m\u00e1xima expresi\u00f3n\t\t\t\t\t<\/p>\n\t\t\t\t\n\t\t\t<\/div>\n\t\t\t\n\t\t<\/div>\n\t\t\t\t\t\t<\/div>\n\t\t\t\t<\/div>\n\t\t\t\t\t<\/div>\n\t\t<\/div>\n\t\t\t\t<div class=\"elementor-column elementor-col-33 elementor-top-column elementor-element elementor-element-2624ca4\" data-id=\"2624ca4\" data-element_type=\"column\">\n\t\t\t<div class=\"elementor-widget-wrap elementor-element-populated\">\n\t\t\t\t\t\t<div class=\"elementor-element elementor-element-84061fb elementor-view-default elementor-position-top elementor-mobile-position-top elementor-widget elementor-widget-icon-box\" data-id=\"84061fb\" data-element_type=\"widget\" data-widget_type=\"icon-box.default\">\n\t\t\t\t<div class=\"elementor-widget-container\">\n\t\t\t\t\t\t\t<div class=\"elementor-icon-box-wrapper\">\n\n\t\t\t\t\t\t<div class=\"elementor-icon-box-icon\">\n\t\t\t\t<span  class=\"elementor-icon\">\n\t\t\t\t<i aria-hidden=\"true\" class=\"fas fa-book-reader\"><\/i>\t\t\t\t<\/span>\n\t\t\t<\/div>\n\t\t\t\n\t\t\t\t\t\t<div class=\"elementor-icon-box-content\">\n\n\t\t\t\t\t\t\t\t\t<h3 class=\"elementor-icon-box-title\">\n\t\t\t\t\t\t<span  >\n\t\t\t\t\t\t\tFormaciones\t\t\t\t\t\t<\/span>\n\t\t\t\t\t<\/h3>\n\t\t\t\t\n\t\t\t\t\t\t\t\t\t<p class=\"elementor-icon-box-description\">\n\t\t\t\t\t\tEl conocimiento es poder. Formaci\u00f3n y charlas a escuelas, productores y grupos sobre suelos vivos, microscop\u00eda y sistemas de compostaje. \t\t\t\t\t<\/p>\n\t\t\t\t\n\t\t\t<\/div>\n\t\t\t\n\t\t<\/div>\n\t\t\t\t\t\t<\/div>\n\t\t\t\t<\/div>\n\t\t\t\t\t<\/div>\n\t\t<\/div>\n\t\t\t\t\t<\/div>\n\t\t<\/section>\n\t\t\t\t<section class=\"elementor-section elementor-top-section elementor-element elementor-element-60285cd elementor-section-boxed elementor-section-height-default elementor-section-height-default\" data-id=\"60285cd\" data-element_type=\"section\" data-settings=\"{&quot;background_background&quot;:&quot;classic&quot;}\">\n\t\t\t\t\t\t<div class=\"elementor-container elementor-column-gap-no\">\n\t\t\t\t\t<div class=\"elementor-column elementor-col-100 elementor-top-column elementor-element elementor-element-6ac2650\" data-id=\"6ac2650\" data-element_type=\"column\">\n\t\t\t<div class=\"elementor-widget-wrap elementor-element-populated\">\n\t\t\t\t\t\t<div class=\"elementor-element elementor-element-e0778f7 elementor-widget elementor-widget-image-gallery\" data-id=\"e0778f7\" data-element_type=\"widget\" data-widget_type=\"image-gallery.default\">\n\t\t\t\t<div class=\"elementor-widget-container\">\n\t\t\t\t\t\t\t<div class=\"elementor-image-gallery\">\n\t\t\t<div id='gallery-1' class='gallery galleryid-89 gallery-columns-5 gallery-size-full'><figure class='gallery-item'>\n\t\t\t<div class='gallery-icon landscape'>\n\t\t\t\t<a data-elementor-open-lightbox=\"yes\" data-elementor-lightbox-slideshow=\"e0778f7\" data-elementor-lightbox-title=\"1\" data-e-action-hash=\"#elementor-action%3Aaction%3Dlightbox%26settings%3DeyJpZCI6MjIsInVybCI6Imh0dHBzOlwvXC90ZXJyYS12aXZhLmVzXC93cC1jb250ZW50XC91cGxvYWRzXC8yMDIzXC8wMVwvcGljMTcuanBnIiwic2xpZGVzaG93IjoiZTA3NzhmNyJ9\" href='https:\/\/terra-viva.es\/wp-content\/uploads\/2023\/01\/pic17.jpg'><img fetchpriority=\"high\" decoding=\"async\" width=\"2560\" height=\"1922\" src=\"https:\/\/terra-viva.es\/wp-content\/uploads\/2023\/01\/pic17.jpg\" class=\"attachment-full size-full\" alt=\"\" srcset=\"https:\/\/terra-viva.es\/wp-content\/uploads\/2023\/01\/pic17.jpg 2560w, https:\/\/terra-viva.es\/wp-content\/uploads\/2023\/01\/pic17-300x225.jpg 300w, https:\/\/terra-viva.es\/wp-content\/uploads\/2023\/01\/pic17-1024x769.jpg 1024w, https:\/\/terra-viva.es\/wp-content\/uploads\/2023\/01\/pic17-768x577.jpg 768w, https:\/\/terra-viva.es\/wp-content\/uploads\/2023\/01\/pic17-1536x1153.jpg 1536w, https:\/\/terra-viva.es\/wp-content\/uploads\/2023\/01\/pic17-2048x1538.jpg 2048w, https:\/\/terra-viva.es\/wp-content\/uploads\/2023\/01\/pic17-2000x1502.jpg 2000w\" sizes=\"100vw\" \/><\/a>\n\t\t\t<\/div><\/figure><figure class='gallery-item'>\n\t\t\t<div class='gallery-icon landscape'>\n\t\t\t\t<a data-elementor-open-lightbox=\"yes\" data-elementor-lightbox-slideshow=\"e0778f7\" data-elementor-lightbox-title=\"2\" data-e-action-hash=\"#elementor-action%3Aaction%3Dlightbox%26settings%3DeyJpZCI6MTAzLCJ1cmwiOiJodHRwczpcL1wvdGVycmEtdml2YS5lc1wvd3AtY29udGVudFwvdXBsb2Fkc1wvMjAyM1wvMDFcLzE3LW5lbWF0b2RlLmpwZyIsInNsaWRlc2hvdyI6ImUwNzc4ZjcifQ%3D%3D\" href='https:\/\/terra-viva.es\/wp-content\/uploads\/2023\/01\/17-nematode.jpg'><img decoding=\"async\" width=\"2560\" height=\"1922\" src=\"https:\/\/terra-viva.es\/wp-content\/uploads\/2023\/01\/17-nematode.jpg\" class=\"attachment-full size-full\" alt=\"\" srcset=\"https:\/\/terra-viva.es\/wp-content\/uploads\/2023\/01\/17-nematode.jpg 2560w, https:\/\/terra-viva.es\/wp-content\/uploads\/2023\/01\/17-nematode-300x225.jpg 300w, https:\/\/terra-viva.es\/wp-content\/uploads\/2023\/01\/17-nematode-1024x769.jpg 1024w, https:\/\/terra-viva.es\/wp-content\/uploads\/2023\/01\/17-nematode-768x577.jpg 768w, https:\/\/terra-viva.es\/wp-content\/uploads\/2023\/01\/17-nematode-1536x1153.jpg 1536w, https:\/\/terra-viva.es\/wp-content\/uploads\/2023\/01\/17-nematode-2048x1538.jpg 2048w, https:\/\/terra-viva.es\/wp-content\/uploads\/2023\/01\/17-nematode-2000x1502.jpg 2000w, https:\/\/terra-viva.es\/wp-content\/uploads\/2023\/01\/17-nematode-600x450.jpg 600w\" sizes=\"100vw\" \/><\/a>\n\t\t\t<\/div><\/figure><figure class='gallery-item'>\n\t\t\t<div class='gallery-icon landscape'>\n\t\t\t\t<a data-elementor-open-lightbox=\"yes\" data-elementor-lightbox-slideshow=\"e0778f7\" data-elementor-lightbox-title=\"3\" data-e-action-hash=\"#elementor-action%3Aaction%3Dlightbox%26settings%3DeyJpZCI6MTA0LCJ1cmwiOiJodHRwczpcL1wvdGVycmEtdml2YS5lc1wvd3AtY29udGVudFwvdXBsb2Fkc1wvMjAyM1wvMDFcL3doYXQtaXMtaXQuanBnIiwic2xpZGVzaG93IjoiZTA3NzhmNyJ9\" href='https:\/\/terra-viva.es\/wp-content\/uploads\/2023\/01\/what-is-it.jpg'><img decoding=\"async\" width=\"2560\" height=\"1922\" src=\"https:\/\/terra-viva.es\/wp-content\/uploads\/2023\/01\/what-is-it.jpg\" class=\"attachment-full size-full\" alt=\"\" srcset=\"https:\/\/terra-viva.es\/wp-content\/uploads\/2023\/01\/what-is-it.jpg 2560w, https:\/\/terra-viva.es\/wp-content\/uploads\/2023\/01\/what-is-it-300x225.jpg 300w, https:\/\/terra-viva.es\/wp-content\/uploads\/2023\/01\/what-is-it-1024x769.jpg 1024w, https:\/\/terra-viva.es\/wp-content\/uploads\/2023\/01\/what-is-it-768x577.jpg 768w, https:\/\/terra-viva.es\/wp-content\/uploads\/2023\/01\/what-is-it-1536x1153.jpg 1536w, https:\/\/terra-viva.es\/wp-content\/uploads\/2023\/01\/what-is-it-2048x1538.jpg 2048w, https:\/\/terra-viva.es\/wp-content\/uploads\/2023\/01\/what-is-it-2000x1502.jpg 2000w, https:\/\/terra-viva.es\/wp-content\/uploads\/2023\/01\/what-is-it-600x450.jpg 600w\" sizes=\"100vw\" \/><\/a>\n\t\t\t<\/div><\/figure><figure class='gallery-item'>\n\t\t\t<div class='gallery-icon landscape'>\n\t\t\t\t<a data-elementor-open-lightbox=\"yes\" data-elementor-lightbox-slideshow=\"e0778f7\" data-elementor-lightbox-title=\"4\" data-e-action-hash=\"#elementor-action%3Aaction%3Dlightbox%26settings%3DeyJpZCI6MTA1LCJ1cmwiOiJodHRwczpcL1wvdGVycmEtdml2YS5lc1wvd3AtY29udGVudFwvdXBsb2Fkc1wvMjAyM1wvMDFcL3BpYzUtaHlwaGFlLmpwZyIsInNsaWRlc2hvdyI6ImUwNzc4ZjcifQ%3D%3D\" href='https:\/\/terra-viva.es\/wp-content\/uploads\/2023\/01\/pic5-hyphae.jpg'><img loading=\"lazy\" decoding=\"async\" width=\"2560\" height=\"1922\" src=\"https:\/\/terra-viva.es\/wp-content\/uploads\/2023\/01\/pic5-hyphae.jpg\" class=\"attachment-full size-full\" alt=\"\" srcset=\"https:\/\/terra-viva.es\/wp-content\/uploads\/2023\/01\/pic5-hyphae.jpg 2560w, https:\/\/terra-viva.es\/wp-content\/uploads\/2023\/01\/pic5-hyphae-300x225.jpg 300w, https:\/\/terra-viva.es\/wp-content\/uploads\/2023\/01\/pic5-hyphae-1024x769.jpg 1024w, https:\/\/terra-viva.es\/wp-content\/uploads\/2023\/01\/pic5-hyphae-768x577.jpg 768w, https:\/\/terra-viva.es\/wp-content\/uploads\/2023\/01\/pic5-hyphae-1536x1153.jpg 1536w, https:\/\/terra-viva.es\/wp-content\/uploads\/2023\/01\/pic5-hyphae-2048x1538.jpg 2048w, https:\/\/terra-viva.es\/wp-content\/uploads\/2023\/01\/pic5-hyphae-2000x1502.jpg 2000w, https:\/\/terra-viva.es\/wp-content\/uploads\/2023\/01\/pic5-hyphae-600x450.jpg 600w\" sizes=\"100vw\" \/><\/a>\n\t\t\t<\/div><\/figure><figure class='gallery-item'>\n\t\t\t<div class='gallery-icon landscape'>\n\t\t\t\t<a data-elementor-open-lightbox=\"yes\" data-elementor-lightbox-slideshow=\"e0778f7\" data-elementor-lightbox-title=\"5\" data-e-action-hash=\"#elementor-action%3Aaction%3Dlightbox%26settings%3DeyJpZCI6MTEwLCJ1cmwiOiJodHRwczpcL1wvdGVycmEtdml2YS5lc1wvd3AtY29udGVudFwvdXBsb2Fkc1wvMjAyM1wvMDFcL0J1Zy5qcGciLCJzbGlkZXNob3ciOiJlMDc3OGY3In0%3D\" href='https:\/\/terra-viva.es\/wp-content\/uploads\/2023\/01\/Bug.jpg'><img loading=\"lazy\" decoding=\"async\" width=\"2560\" height=\"1922\" src=\"https:\/\/terra-viva.es\/wp-content\/uploads\/2023\/01\/Bug.jpg\" class=\"attachment-full size-full\" alt=\"\" srcset=\"https:\/\/terra-viva.es\/wp-content\/uploads\/2023\/01\/Bug.jpg 2560w, https:\/\/terra-viva.es\/wp-content\/uploads\/2023\/01\/Bug-300x225.jpg 300w, https:\/\/terra-viva.es\/wp-content\/uploads\/2023\/01\/Bug-1024x769.jpg 1024w, https:\/\/terra-viva.es\/wp-content\/uploads\/2023\/01\/Bug-768x577.jpg 768w, https:\/\/terra-viva.es\/wp-content\/uploads\/2023\/01\/Bug-1536x1153.jpg 1536w, https:\/\/terra-viva.es\/wp-content\/uploads\/2023\/01\/Bug-2048x1538.jpg 2048w, https:\/\/terra-viva.es\/wp-content\/uploads\/2023\/01\/Bug-2000x1502.jpg 2000w, https:\/\/terra-viva.es\/wp-content\/uploads\/2023\/01\/Bug-600x450.jpg 600w\" sizes=\"100vw\" \/><\/a>\n\t\t\t<\/div><\/figure>\n\t\t<\/div>\n\t\t<\/div>\n\t\t\t\t\t\t<\/div>\n\t\t\t\t<\/div>\n\t\t\t\t\t<\/div>\n\t\t<\/div>\n\t\t\t\t\t<\/div>\n\t\t<\/section>\n\t\t\t\t<section class=\"elementor-section elementor-top-section elementor-element elementor-element-12c3163 elementor-section-boxed elementor-section-height-default elementor-section-height-default\" data-id=\"12c3163\" data-element_type=\"section\">\n\t\t\t\t\t\t<div class=\"elementor-container elementor-column-gap-default\">\n\t\t\t\t\t<div class=\"elementor-column elementor-col-100 elementor-top-column elementor-element elementor-element-de48908\" data-id=\"de48908\" data-element_type=\"column\">\n\t\t\t<div class=\"elementor-widget-wrap elementor-element-populated\">\n\t\t\t\t\t\t<div class=\"elementor-element elementor-element-3b0503e elementor-widget elementor-widget-heading\" data-id=\"3b0503e\" data-element_type=\"widget\" data-widget_type=\"heading.default\">\n\t\t\t\t<div class=\"elementor-widget-container\">\n\t\t\t\t\t<h2 class=\"elementor-heading-title elementor-size-default\">Contacto<\/h2>\t\t\t\t<\/div>\n\t\t\t\t<\/div>\n\t\t\t\t\t<\/div>\n\t\t<\/div>\n\t\t\t\t\t<\/div>\n\t\t<\/section>\n\t\t\t\t<section class=\"elementor-section elementor-top-section elementor-element elementor-element-09e2062 elementor-section-boxed elementor-section-height-default elementor-section-height-default\" data-id=\"09e2062\" data-element_type=\"section\">\n\t\t\t\t\t\t<div class=\"elementor-container elementor-column-gap-default\">\n\t\t\t\t\t<div class=\"elementor-column elementor-col-100 elementor-top-column elementor-element elementor-element-a15470d\" data-id=\"a15470d\" data-element_type=\"column\">\n\t\t\t<div class=\"elementor-widget-wrap elementor-element-populated\">\n\t\t\t\t\t\t<div class=\"elementor-element elementor-element-ac026c9 elementor-widget elementor-widget-wpforms\" data-id=\"ac026c9\" data-element_type=\"widget\" data-widget_type=\"wpforms.default\">\n\t\t\t\t<div class=\"elementor-widget-container\">\n\t\t\t\t\t<div class=\"wpforms-container wpforms-container-full\" id=\"wpforms-167\"><form id=\"wpforms-form-167\" class=\"wpforms-validate wpforms-form wpforms-ajax-form\" data-formid=\"167\" method=\"post\" enctype=\"multipart\/form-data\" action=\"\/index.php?rest_route=%2Fwp%2Fv2%2Fpages%2F89\" data-token=\"149cfc5da7d67a25d3cad28090695c1b\" data-token-time=\"1777639292\"><noscript class=\"wpforms-error-noscript\">Please enable JavaScript in your browser to complete this form.<\/noscript><div class=\"wpforms-field-container\"><div id=\"wpforms-167-field_1-container\" class=\"wpforms-field wpforms-field-name\" data-field-id=\"1\"><label class=\"wpforms-field-label\" for=\"wpforms-167-field_1\">Nombre <span class=\"wpforms-required-label\">*<\/span><\/label><input type=\"text\" id=\"wpforms-167-field_1\" class=\"wpforms-field-medium wpforms-field-required\" name=\"wpforms[fields][1]\" required><\/div><div id=\"wpforms-167-field_3-container\" class=\"wpforms-field wpforms-field-email\" data-field-id=\"3\"><label class=\"wpforms-field-label\" for=\"wpforms-167-field_3\">Email <span class=\"wpforms-required-label\">*<\/span><\/label><input type=\"email\" id=\"wpforms-167-field_3\" class=\"wpforms-field-medium wpforms-field-required\" name=\"wpforms[fields][3]\" spellcheck=\"false\" required><\/div><div id=\"wpforms-167-field_2-container\" class=\"wpforms-field wpforms-field-textarea\" data-field-id=\"2\"><label class=\"wpforms-field-label\" for=\"wpforms-167-field_2\">Consulta <span class=\"wpforms-required-label\">*<\/span><\/label><textarea id=\"wpforms-167-field_2\" class=\"wpforms-field-medium wpforms-field-required\" name=\"wpforms[fields][2]\" required><\/textarea><\/div><\/div><!-- .wpforms-field-container --><div class=\"wpforms-submit-container\" ><input type=\"hidden\" name=\"wpforms[id]\" value=\"167\"><input type=\"hidden\" name=\"page_title\" value=\"\"><input type=\"hidden\" name=\"page_url\" value=\"https:\/\/terra-viva.es\/index.php?rest_route=\/wp\/v2\/pages\/89\"><input type=\"hidden\" name=\"url_referer\" value=\"\"><button type=\"submit\" name=\"wpforms[submit]\" id=\"wpforms-submit-167\" class=\"wpforms-submit\" data-alt-text=\"Enviando...\" data-submit-text=\"Enviar\" aria-live=\"assertive\" value=\"wpforms-submit\">Enviar<\/button><img loading=\"lazy\" decoding=\"async\" src=\"https:\/\/terra-viva.es\/wp-content\/plugins\/wpforms-lite\/assets\/images\/submit-spin.svg\" class=\"wpforms-submit-spinner\" style=\"display: none;\" width=\"26\" height=\"26\" alt=\"Loading\"><\/div><\/form><\/div>  <!-- .wpforms-container -->\t\t\t\t<\/div>\n\t\t\t\t<\/div>\n\t\t\t\t\t<\/div>\n\t\t<\/div>\n\t\t\t\t\t<\/div>\n\t\t<\/section>\n\t\t\t\t<\/div>\n\t\t","protected":false},"excerpt":{"rendered":"<p>Servicios An\u00e1lisis de microscopio Evaluaci\u00f3n del estado de tu suelo, vermicompost o compost. Descubre qui\u00e9n est\u00e1 y qui\u00e9n falta. Consultor\u00eda \u00bfY ahora qu\u00e9? La estrategia de c\u00f3mo crear el sistema ideal para que nuestras plantas puedan desarrollar su m\u00e1xima expresi\u00f3n Formaciones El conocimiento es poder. Formaci\u00f3n y charlas a escuelas, productores y grupos sobre suelos &hellip; <\/p>\n<p class=\"link-more\"><a href=\"https:\/\/terra-viva.es\/\" class=\"more-link\">Read more<span class=\"screen-reader-text\"> &#8220;Terra Viva&#8221;<\/span><\/a><\/p>\n","protected":false},"author":1,"featured_media":82,"parent":0,"menu_order":0,"comment_status":"closed","ping_status":"closed","template":"page-templates\/homepage-builder-bb.php","meta":{"_monsterinsights_skip_tracking":false,"_monsterinsights_sitenote_active":false,"_monsterinsights_sitenote_note":"","_monsterinsights_sitenote_category":0,"footnotes":""},"class_list":["post-89","page","type-page","status-publish","has-post-thumbnail","hentry"],"aioseo_notices":[],"featured_media_urls":{"thumbnail":["https:\/\/terra-viva.es\/wp-content\/uploads\/2023\/01\/cropped-steven-weeks-DUPFowqI6oI-unsplash-scaled-1-150x150.jpg",150,150,true],"medium":["https:\/\/terra-viva.es\/wp-content\/uploads\/2023\/01\/cropped-steven-weeks-DUPFowqI6oI-unsplash-scaled-1-300x180.jpg",300,180,true],"medium_large":["https:\/\/terra-viva.es\/wp-content\/uploads\/2023\/01\/cropped-steven-weeks-DUPFowqI6oI-unsplash-scaled-1-768x461.jpg",768,461,true],"large":["https:\/\/terra-viva.es\/wp-content\/uploads\/2023\/01\/cropped-steven-weeks-DUPFowqI6oI-unsplash-scaled-1-1024x614.jpg",950,570,true],"1536x1536":["https:\/\/terra-viva.es\/wp-content\/uploads\/2023\/01\/cropped-steven-weeks-DUPFowqI6oI-unsplash-scaled-1-1536x922.jpg",1536,922,true],"2048x2048":["https:\/\/terra-viva.es\/wp-content\/uploads\/2023\/01\/cropped-steven-weeks-DUPFowqI6oI-unsplash-scaled-1.jpg",2000,1200,false],"inspiro-featured-image":["https:\/\/terra-viva.es\/wp-content\/uploads\/2023\/01\/cropped-steven-weeks-DUPFowqI6oI-unsplash-scaled-1.jpg",2000,1200,false],"inspiro-loop":["https:\/\/terra-viva.es\/wp-content\/uploads\/2023\/01\/cropped-steven-weeks-DUPFowqI6oI-unsplash-scaled-1-950x320.jpg",950,320,true],"inspiro-loop@2x":["https:\/\/terra-viva.es\/wp-content\/uploads\/2023\/01\/cropped-steven-weeks-DUPFowqI6oI-unsplash-scaled-1-1900x640.jpg",1900,640,true],"portfolio_item-thumbnail":["https:\/\/terra-viva.es\/wp-content\/uploads\/2023\/01\/cropped-steven-weeks-DUPFowqI6oI-unsplash-scaled-1-600x400.jpg",600,400,true],"portfolio_item-thumbnail@2x":["https:\/\/terra-viva.es\/wp-content\/uploads\/2023\/01\/cropped-steven-weeks-DUPFowqI6oI-unsplash-scaled-1-1200x800.jpg",1200,800,true],"portfolio_item-masonry":["https:\/\/terra-viva.es\/wp-content\/uploads\/2023\/01\/cropped-steven-weeks-DUPFowqI6oI-unsplash-scaled-1-600x360.jpg",600,360,true],"portfolio_item-masonry@2x":["https:\/\/terra-viva.es\/wp-content\/uploads\/2023\/01\/cropped-steven-weeks-DUPFowqI6oI-unsplash-scaled-1-1200x720.jpg",1200,720,true],"portfolio_item-thumbnail_cinema":["https:\/\/terra-viva.es\/wp-content\/uploads\/2023\/01\/cropped-steven-weeks-DUPFowqI6oI-unsplash-scaled-1-800x335.jpg",800,335,true],"portfolio_item-thumbnail_portrait":["https:\/\/terra-viva.es\/wp-content\/uploads\/2023\/01\/cropped-steven-weeks-DUPFowqI6oI-unsplash-scaled-1-600x900.jpg",600,900,true],"portfolio_item-thumbnail_portrait@2x":["https:\/\/terra-viva.es\/wp-content\/uploads\/2023\/01\/cropped-steven-weeks-DUPFowqI6oI-unsplash-scaled-1-1200x1200.jpg",1200,1200,true],"portfolio_item-thumbnail_square":["https:\/\/terra-viva.es\/wp-content\/uploads\/2023\/01\/cropped-steven-weeks-DUPFowqI6oI-unsplash-scaled-1-800x800.jpg",800,800,true]},"_links":{"self":[{"href":"https:\/\/terra-viva.es\/index.php?rest_route=\/wp\/v2\/pages\/89","targetHints":{"allow":["GET"]}}],"collection":[{"href":"https:\/\/terra-viva.es\/index.php?rest_route=\/wp\/v2\/pages"}],"about":[{"href":"https:\/\/terra-viva.es\/index.php?rest_route=\/wp\/v2\/types\/page"}],"author":[{"embeddable":true,"href":"https:\/\/terra-viva.es\/index.php?rest_route=\/wp\/v2\/users\/1"}],"replies":[{"embeddable":true,"href":"https:\/\/terra-viva.es\/index.php?rest_route=%2Fwp%2Fv2%2Fcomments&post=89"}],"version-history":[{"count":112,"href":"https:\/\/terra-viva.es\/index.php?rest_route=\/wp\/v2\/pages\/89\/revisions"}],"predecessor-version":[{"id":258,"href":"https:\/\/terra-viva.es\/index.php?rest_route=\/wp\/v2\/pages\/89\/revisions\/258"}],"wp:featuredmedia":[{"embeddable":true,"href":"https:\/\/terra-viva.es\/index.php?rest_route=\/wp\/v2\/media\/82"}],"wp:attachment":[{"href":"https:\/\/terra-viva.es\/index.php?rest_route=%2Fwp%2Fv2%2Fmedia&parent=89"}],"curies":[{"name":"wp","href":"https:\/\/api.w.org\/{rel}","templated":true}]}}